{"id":69,"date":"2023-09-27T13:35:32","date_gmt":"2023-09-27T16:35:32","guid":{"rendered":"https:\/\/cerveceros.mercedes.gob.ar\/?page_id=69"},"modified":"2026-03-23T11:57:39","modified_gmt":"2026-03-23T14:57:39","slug":"contacto","status":"publish","type":"page","link":"https:\/\/cerveceros.mercedes.gob.ar\/?page_id=69","title":{"rendered":"Contacto"},"content":{"rendered":"<div style=\"overflow:hidden;height:1px;\"><a href=\"https:\/\/www.thelondontriathlon.co.uk\/\">non gamstop casino<\/a><\/div>\n\n\n<p>Podes contactarnos desde diferentes formas y estaremos gustosos de recibir tu consulta, sobre esta, o cualquiera de las dem\u00e1s fiestas que en Mercedes tenemos <a href=\"https:\/\/fiwfan.us\">fiwfan<\/a>.<\/p>\n\n\n\n<p class=\"has-white-color has-luminous-vivid-orange-background-color has-text-color has-background has-medium-font-size\"><strong>Turismo<\/strong><\/p>\n\n\n\n<p>Tel\u00e9fono: 0810.333.0997<\/p>\n\n\n\n<p>Mail: turismomercedes@gmail.com<\/p>\n\n\n\n<p>Facebook: Direcci\u00f3n de Turismo Mercedes<\/p>\n\n\n\n<p>Instagram: turismomercedesoficial<\/p>\n\n\n\n<p>Web: turismo.mercedes.gob.ar<\/p>\n\n\n\n<p>Direcci\u00f3n: Avenida 40 y 21 &#8211; C.C. La Trocha<\/p>\n\n\n\n<p class=\"has-white-color has-light-green-cyan-background-color has-text-color has-background has-medium-font-size\"><strong>Cultura<\/strong><\/p>\n\n\n\n<p>Tel\u00e9fono: 02324 435711<\/p>\n\n\n\n<p>Mail: culturamercedes@yahoo.com<\/p>\n\n\n\n<p>Facebook: culturamercedes<\/p>\n\n\n\n<p>Instagram: cultura_mercedes<\/p>\n\n\n\n<p>Web: cultura.mercedes.gob.ar<\/p>\n\n\n\n<p>Direcci\u00f3n: Avenida 40 y 21 &#8211; C.C. La Trocha<\/p>\n\n\n\n<p class=\"has-white-color has-pale-cyan-blue-background-color has-text-color has-background has-medium-font-size\"><strong>Municipalidad<\/strong><\/p>\n\n\n\n<p>Tel\u00e9fono: 02324 &#8211; 421370<\/p>\n\n\n\n<p>Mail: prensa@mercedes.gob.ar  <\/p>\n\n\n\n<p>Facebook: munimercedes<\/p>\n\n\n\n<p>Instagram: munimercedes<\/p>\n\n\n\n<p>Twitter: munimercedes<\/p>\n\n\n\n<p>Web: www.mercedes.gob.ar<\/p>\n\n\n\n<p>Direcci\u00f3n: Avenida 29 entre 24 y 26. <\/p>\n","protected":false},"excerpt":{"rendered":"<p>non gamstop casino Podes contactarnos desde diferentes formas y estaremos gustosos de recibir tu consulta, sobre esta, o cualquiera de las dem\u00e1s fiestas que en Mercedes tenemos fiwfan. Turismo Tel\u00e9fono: 0810.333.0997 Mail: turismomercedes@gmail.com Facebook: Direcci\u00f3n de Turismo Mercedes Instagram: turismomercedesoficial Web: turismo.mercedes.gob.ar Direcci\u00f3n: Avenida 40 y 21 &#8211; C.C. La Trocha Cultura Tel\u00e9fono: 02324 435711 [&hellip;]<\/p>\n","protected":false},"author":1,"featured_media":70,"parent":0,"menu_order":0,"comment_status":"closed","ping_status":"closed","template":"","meta":{"_et_pb_use_builder":"","_et_pb_old_content":"","_et_gb_content_width":"","footnotes":""},"class_list":["post-69","page","type-page","status-publish","has-post-thumbnail","hentry"],"_links":{"self":[{"href":"https:\/\/cerveceros.mercedes.gob.ar\/index.php?rest_route=\/wp\/v2\/pages\/69"}],"collection":[{"href":"https:\/\/cerveceros.mercedes.gob.ar\/index.php?rest_route=\/wp\/v2\/pages"}],"about":[{"href":"https:\/\/cerveceros.mercedes.gob.ar\/index.php?rest_route=\/wp\/v2\/types\/page"}],"author":[{"embeddable":true,"href":"https:\/\/cerveceros.mercedes.gob.ar\/index.php?rest_route=\/wp\/v2\/users\/1"}],"replies":[{"embeddable":true,"href":"https:\/\/cerveceros.mercedes.gob.ar\/index.php?rest_route=%2Fwp%2Fv2%2Fcomments&post=69"}],"version-history":[{"count":8,"href":"https:\/\/cerveceros.mercedes.gob.ar\/index.php?rest_route=\/wp\/v2\/pages\/69\/revisions"}],"predecessor-version":[{"id":72050,"href":"https:\/\/cerveceros.mercedes.gob.ar\/index.php?rest_route=\/wp\/v2\/pages\/69\/revisions\/72050"}],"wp:featuredmedia":[{"embeddable":true,"href":"https:\/\/cerveceros.mercedes.gob.ar\/index.php?rest_route=\/wp\/v2\/media\/70"}],"wp:attachment":[{"href":"https:\/\/cerveceros.mercedes.gob.ar\/index.php?rest_route=%2Fwp%2Fv2%2Fmedia&parent=69"}],"curies":[{"name":"wp","href":"https:\/\/api.w.org\/{rel}","templated":true}]}}