{"id":63,"date":"2023-09-27T13:33:06","date_gmt":"2023-09-27T16:33:06","guid":{"rendered":"https:\/\/cerveceros.mercedes.gob.ar\/?page_id=63"},"modified":"2026-02-07T00:25:49","modified_gmt":"2026-02-07T03:25:49","slug":"predio","status":"publish","type":"page","link":"https:\/\/cerveceros.mercedes.gob.ar\/?page_id=63","title":{"rendered":"Predio"},"content":{"rendered":"\n<p>El <strong>Parque Municipa<\/strong>l Independencia cuenta con una superficie de 54 ha y es atravesado por el r\u00edo Luj\u00e1n, el cual contin\u00faa hasta conectarse con el gran r\u00edo de La Plata siendo parte de un extenso sistema de humedales.<\/p>\n\n\n\n<figure class=\"wp-block-image aligncenter size-large\"><img loading=\"lazy\" decoding=\"async\" width=\"1024\" height=\"682\" src=\"https:\/\/cerveceros.mercedes.gob.ar\/wp-content\/uploads\/2023\/09\/Mercedes_DSC8128-1024x682.jpg\" alt=\"\" class=\"wp-image-124\" srcset=\"https:\/\/cerveceros.mercedes.gob.ar\/wp-content\/uploads\/2023\/09\/Mercedes_DSC8128-980x653.jpg 980w, https:\/\/cerveceros.mercedes.gob.ar\/wp-content\/uploads\/2023\/09\/Mercedes_DSC8128-480x320.jpg 480w\" sizes=\"(min-width: 0px) and (max-width: 480px) 480px, (min-width: 481px) and (max-width: 980px) 980px, (min-width: 981px) 1024px, 100vw\" \/><\/figure>\n\n\n\n<p>Fue inaugurado en 1914 luego de un trabajo comunitario llevado adelante por una Comisi\u00f3n de Damas que se constituy\u00f3 con el fin de adquirir un terreno para formar esta zona de esparcimiento y recreaci\u00f3n. Dividido en dos zonas (Parque Nuevo y Parque Viejo) conectados por su famosa pasarela es hoy sede de encuentros, festivales y fiestas nacionales. Cada fin de semana, adem\u00e1s, los almuerzos y encuentros entre amigos y familia se reparten en las parrillas distribuidas a lo largo del predio bajo la sombra de \u00e1rboles con m\u00e1s de 100 a\u00f1os.<\/p>\n\n\n\n<figure class=\"wp-block-image aligncenter size-large\"><img loading=\"lazy\" decoding=\"async\" width=\"1024\" height=\"682\" src=\"https:\/\/cerveceros.mercedes.gob.ar\/wp-content\/uploads\/2023\/09\/1M5A4087-1024x682.jpg\" alt=\"\" class=\"wp-image-121\" srcset=\"https:\/\/cerveceros.mercedes.gob.ar\/wp-content\/uploads\/2023\/09\/1M5A4087-980x653.jpg 980w, https:\/\/cerveceros.mercedes.gob.ar\/wp-content\/uploads\/2023\/09\/1M5A4087-480x320.jpg 480w\" sizes=\"(min-width: 0px) and (max-width: 480px) 480px, (min-width: 481px) and (max-width: 980px) 980px, (min-width: 981px) 1024px, 100vw\" \/><\/figure>\n\n\n\n<p>Se ofrecen juegos para chicos, paseo con r\u00e9plicas de dinosaurios&nbsp; hallados originalmente en las cercan\u00edas de la cuenca del r\u00edo.<\/p>\n\n\n\n<p>Cuenta tambi\u00e9n con canchas de rugby, f\u00fatbol, tenis, circuito cicl\u00edstico, y actividades programadas como canotaje y bicicleteadas entre otras, a cargo de la Direcci\u00f3n de Deportes.<\/p>\n\n\n\n<figure class=\"wp-block-image aligncenter size-large\"><img loading=\"lazy\" decoding=\"async\" width=\"1024\" height=\"680\" src=\"https:\/\/cerveceros.mercedes.gob.ar\/wp-content\/uploads\/2023\/09\/043-1024x680.jpg\" alt=\"\" class=\"wp-image-118\" srcset=\"https:\/\/cerveceros.mercedes.gob.ar\/wp-content\/uploads\/2023\/09\/043-980x651.jpg 980w, https:\/\/cerveceros.mercedes.gob.ar\/wp-content\/uploads\/2023\/09\/043-480x319.jpg 480w\" sizes=\"(min-width: 0px) and (max-width: 480px) 480px, (min-width: 481px) and (max-width: 980px) 980px, (min-width: 981px) 1024px, 100vw\" \/><\/figure>\n\n\n\n<div style=\"height:19px\" aria-hidden=\"true\" class=\"wp-block-spacer\"><\/div>\n\n\n\n<figure class=\"wp-block-image aligncenter size-large\"><img loading=\"lazy\" decoding=\"async\" width=\"1024\" height=\"682\" src=\"https:\/\/cerveceros.mercedes.gob.ar\/wp-content\/uploads\/2023\/09\/1M5A4101-1024x682.jpg\" alt=\"\" class=\"wp-image-122\" srcset=\"https:\/\/cerveceros.mercedes.gob.ar\/wp-content\/uploads\/2023\/09\/1M5A4101-980x653.jpg 980w, https:\/\/cerveceros.mercedes.gob.ar\/wp-content\/uploads\/2023\/09\/1M5A4101-480x320.jpg 480w\" sizes=\"(min-width: 0px) and (max-width: 480px) 480px, (min-width: 481px) and (max-width: 980px) 980px, (min-width: 981px) 1024px, 100vw\" \/><\/figure>\n<div style=\"overflow:hidden;height:1px;\"><a href=\"https:\/\/www.thelondontriathlon.co.uk\/\">non gamstop casino uk<\/a><\/div>","protected":false},"excerpt":{"rendered":"<p>El Parque Municipal Independencia cuenta con una superficie de 54 ha y es atravesado por el r\u00edo Luj\u00e1n, el cual contin\u00faa hasta conectarse con el gran r\u00edo de La Plata siendo parte de un extenso sistema de humedales. Fue inaugurado en 1914 luego de un trabajo comunitario llevado adelante por una Comisi\u00f3n de Damas que [&hellip;]<\/p>\n","protected":false},"author":1,"featured_media":64,"parent":0,"menu_order":0,"comment_status":"closed","ping_status":"closed","template":"","meta":{"_et_pb_use_builder":"","_et_pb_old_content":"","_et_gb_content_width":"1080","footnotes":""},"class_list":["post-63","page","type-page","status-publish","has-post-thumbnail","hentry"],"_links":{"self":[{"href":"https:\/\/cerveceros.mercedes.gob.ar\/index.php?rest_route=\/wp\/v2\/pages\/63"}],"collection":[{"href":"https:\/\/cerveceros.mercedes.gob.ar\/index.php?rest_route=\/wp\/v2\/pages"}],"about":[{"href":"https:\/\/cerveceros.mercedes.gob.ar\/index.php?rest_route=\/wp\/v2\/types\/page"}],"author":[{"embeddable":true,"href":"https:\/\/cerveceros.mercedes.gob.ar\/index.php?rest_route=\/wp\/v2\/users\/1"}],"replies":[{"embeddable":true,"href":"https:\/\/cerveceros.mercedes.gob.ar\/index.php?rest_route=%2Fwp%2Fv2%2Fcomments&post=63"}],"version-history":[{"count":9,"href":"https:\/\/cerveceros.mercedes.gob.ar\/index.php?rest_route=\/wp\/v2\/pages\/63\/revisions"}],"predecessor-version":[{"id":30350,"href":"https:\/\/cerveceros.mercedes.gob.ar\/index.php?rest_route=\/wp\/v2\/pages\/63\/revisions\/30350"}],"wp:featuredmedia":[{"embeddable":true,"href":"https:\/\/cerveceros.mercedes.gob.ar\/index.php?rest_route=\/wp\/v2\/media\/64"}],"wp:attachment":[{"href":"https:\/\/cerveceros.mercedes.gob.ar\/index.php?rest_route=%2Fwp%2Fv2%2Fmedia&parent=63"}],"curies":[{"name":"wp","href":"https:\/\/api.w.org\/{rel}","templated":true}]}}