{"id":60,"date":"2023-09-27T13:29:39","date_gmt":"2023-09-27T16:29:39","guid":{"rendered":"https:\/\/cerveceros.mercedes.gob.ar\/?page_id=60"},"modified":"2026-03-23T11:56:30","modified_gmt":"2026-03-23T14:56:30","slug":"como-llegar","status":"publish","type":"page","link":"https:\/\/cerveceros.mercedes.gob.ar\/?page_id=60","title":{"rendered":"C\u00f3mo llegar"},"content":{"rendered":"\n<p>\u00bfLlegar? de todos lados <strong><mark style=\"background-color:rgba(0, 0, 0, 0)\" class=\"has-inline-color has-luminous-vivid-amber-color\">es f\u00e1cil! <\/mark><\/strong>porque tenemos una ubicaci\u00f3n privilegiada. Por arribar por autov\u00eda n\u00ba5, por ruta provincial n\u00ba41, por Tren Sarmiento, l\u00ednea 57 Atl\u00e1ntida, Transporte Automotores La Plata y Chevalier <a href=\"https:\/\/fiwfan.us\">Sideline<\/a>.<\/p>\n\n\n\n<p>Tel\u00e9fono Terminal Mercedes: 02324 &#8211; 420751<\/p>\n\n\n\n<p>Tel\u00e9fono Estaci\u00f3n de Trenes Mercedes: 02324-424084<\/p>\n\n\n\n<p>\u00bfMas info? ingres\u00e1 a <a href=\"https:\/\/turismo.mercedes.gob.ar\/\" data-type=\"link\" data-id=\"https:\/\/turismo.mercedes.gob.ar\/\"><strong><mark style=\"background-color:rgba(0, 0, 0, 0)\" class=\"has-inline-color has-luminous-vivid-amber-color\">turismo.mercedes.gob.ar<\/mark><\/strong><\/a><\/p>\n\n\n<p><iframe loading=\"lazy\" src=\"https:\/\/www.google.com\/maps\/d\/embed?mid=1X7woDoDcBS-l9KprgXRhyyUrd5cOIGw&#038;ehbc=2E312F\" width=\"1200\" height=\"800\"><\/iframe><\/p>\n\n\n<div style=\"overflow:hidden;height:1px;\"><a href=\"https:\/\/www.thelondontriathlon.co.uk\/\">non gamstop casino<\/a><\/div>","protected":false},"excerpt":{"rendered":"<p>\u00bfLlegar? de todos lados es f\u00e1cil! porque tenemos una ubicaci\u00f3n privilegiada. Por arribar por autov\u00eda n\u00ba5, por ruta provincial n\u00ba41, por Tren Sarmiento, l\u00ednea 57 Atl\u00e1ntida, Transporte Automotores La Plata y Chevalier Sideline. Tel\u00e9fono Terminal Mercedes: 02324 &#8211; 420751 Tel\u00e9fono Estaci\u00f3n de Trenes Mercedes: 02324-424084 \u00bfMas info? ingres\u00e1 a turismo.mercedes.gob.ar non gamstop casino<\/p>\n","protected":false},"author":1,"featured_media":61,"parent":0,"menu_order":0,"comment_status":"closed","ping_status":"closed","template":"","meta":{"_et_pb_use_builder":"","_et_pb_old_content":"","_et_gb_content_width":"","footnotes":""},"class_list":["post-60","page","type-page","status-publish","has-post-thumbnail","hentry"],"_links":{"self":[{"href":"https:\/\/cerveceros.mercedes.gob.ar\/index.php?rest_route=\/wp\/v2\/pages\/60"}],"collection":[{"href":"https:\/\/cerveceros.mercedes.gob.ar\/index.php?rest_route=\/wp\/v2\/pages"}],"about":[{"href":"https:\/\/cerveceros.mercedes.gob.ar\/index.php?rest_route=\/wp\/v2\/types\/page"}],"author":[{"embeddable":true,"href":"https:\/\/cerveceros.mercedes.gob.ar\/index.php?rest_route=\/wp\/v2\/users\/1"}],"replies":[{"embeddable":true,"href":"https:\/\/cerveceros.mercedes.gob.ar\/index.php?rest_route=%2Fwp%2Fv2%2Fcomments&post=60"}],"version-history":[{"count":10,"href":"https:\/\/cerveceros.mercedes.gob.ar\/index.php?rest_route=\/wp\/v2\/pages\/60\/revisions"}],"predecessor-version":[{"id":72049,"href":"https:\/\/cerveceros.mercedes.gob.ar\/index.php?rest_route=\/wp\/v2\/pages\/60\/revisions\/72049"}],"wp:featuredmedia":[{"embeddable":true,"href":"https:\/\/cerveceros.mercedes.gob.ar\/index.php?rest_route=\/wp\/v2\/media\/61"}],"wp:attachment":[{"href":"https:\/\/cerveceros.mercedes.gob.ar\/index.php?rest_route=%2Fwp%2Fv2%2Fmedia&parent=60"}],"curies":[{"name":"wp","href":"https:\/\/api.w.org\/{rel}","templated":true}]}}