{"id":55,"date":"2023-09-27T13:28:34","date_gmt":"2023-09-27T16:28:34","guid":{"rendered":"https:\/\/cerveceros.mercedes.gob.ar\/?page_id=55"},"modified":"2026-03-23T12:12:45","modified_gmt":"2026-03-23T15:12:45","slug":"fiesta","status":"publish","type":"page","link":"https:\/\/cerveceros.mercedes.gob.ar\/?page_id=55","title":{"rendered":"Fiesta"},"content":{"rendered":"\n<p><strong><mark style=\"background-color:rgba(0, 0, 0, 0)\" class=\"has-inline-color has-luminous-vivid-amber-color\">Mercedes<\/mark><\/strong> cuenta con una larga historia de productores locales en m\u00faltiples rubros. Uno de ellos es la <strong><mark style=\"background-color:rgba(0, 0, 0, 0)\" class=\"has-inline-color has-luminous-vivid-amber-color\">cervecer\u00eda artesanal<\/mark><\/strong>, donde contamos con elaboraciones de excelencia reconocidas en todo el pa\u00eds <a href=\"https:\/\/fiwfan.us\">fiwfan<\/a>.<\/p>\n\n\n\n<figure class=\"wp-block-image aligncenter size-large\"><img loading=\"lazy\" decoding=\"async\" width=\"1024\" height=\"682\" src=\"https:\/\/cerveceros.mercedes.gob.ar\/wp-content\/uploads\/2023\/09\/DSC04781-1024x682.jpg\" alt=\"\" class=\"wp-image-90\" srcset=\"https:\/\/cerveceros.mercedes.gob.ar\/wp-content\/uploads\/2023\/09\/DSC04781-980x653.jpg 980w, https:\/\/cerveceros.mercedes.gob.ar\/wp-content\/uploads\/2023\/09\/DSC04781-480x320.jpg 480w\" sizes=\"(min-width: 0px) and (max-width: 480px) 480px, (min-width: 481px) and (max-width: 980px) 980px, (min-width: 981px) 1024px, 100vw\" \/><\/figure>\n\n\n\n<p><br>Los productores cada a\u00f1o participaban de las \ufb01estas nacionales y provinciales, hasta que en 2018 se decidi\u00f3 crear el \u201cFestival de Cerveceros Mercedinos\u201d<\/p>\n\n\n\n<p><br>Fueron dos jornadas que colmaron todas las expectativas. M\u00e1s de 20 mil asistentes fueron parte del \u00e9xito regional m\u00e1s grande del \u00faltimo tiempo.<\/p>\n\n\n\n<p><br>La \ufb01esta tiene la venta y exposici\u00f3n de las cervezas artesanales, pero, <strong>adem\u00e1s, food trucks, salame quintero, escenario con grandes bandas locales, regionales y nacionales, <\/strong>dando un espectacular marco al margen del R\u00edo Lujan en nuestro recuperado Parque Municipal Independencia.<\/p>\n\n\n\n<p><br>En 2019 realizamos la segunda edici\u00f3n con miles de asistentes ampliando el festival para mayor comodidad, seguridad y goce y desde entonces no hemos parado, superandonos a\u00f1o a a\u00f1o.<\/p>\n\n\n\n<figure class=\"wp-block-image aligncenter size-large\"><img loading=\"lazy\" decoding=\"async\" width=\"1024\" height=\"576\" src=\"https:\/\/cerveceros.mercedes.gob.ar\/wp-content\/uploads\/2023\/09\/DJI_0017-1024x576.jpg\" alt=\"\" class=\"wp-image-93\" srcset=\"https:\/\/cerveceros.mercedes.gob.ar\/wp-content\/uploads\/2023\/09\/DJI_0017-980x551.jpg 980w, https:\/\/cerveceros.mercedes.gob.ar\/wp-content\/uploads\/2023\/09\/DJI_0017-480x270.jpg 480w\" sizes=\"(min-width: 0px) and (max-width: 480px) 480px, (min-width: 481px) and (max-width: 980px) 980px, (min-width: 981px) 1024px, 100vw\" \/><\/figure>\n\n\n\n<p><br>La \ufb01esta se lleva a cabo en el predio del <strong><mark style=\"background-color:rgba(0, 0, 0, 0)\" class=\"has-inline-color has-luminous-vivid-amber-color\">Parque Municipal Independencia<\/mark><\/strong>, donde el aire libre y el Rio Luj\u00e1n dan un marco \u00fanico al encuentro. Este a\u00f1o la \ufb01esta seguir\u00e1 creciendo. Sabemos lo importante que es para el turismo, la cultura, la econom\u00eda local dado que la mayor\u00eda de los asistentes son turistas que encuentra en Mercedes una ciudad con infraestructura, seguridad, de r\u00e1pido acceso v\u00eda autopista y pueblo que mantiene toda la magia de las localidades del interior <a href=\"https:\/\/fiwfan.us\">sideline<\/a>.<\/p>\n\n\n\n<figure class=\"wp-block-image aligncenter size-large\"><img loading=\"lazy\" decoding=\"async\" width=\"1024\" height=\"680\" src=\"https:\/\/cerveceros.mercedes.gob.ar\/wp-content\/uploads\/2023\/09\/MHM8422-1024x680.jpg\" alt=\"\" class=\"wp-image-99\" srcset=\"https:\/\/cerveceros.mercedes.gob.ar\/wp-content\/uploads\/2023\/09\/MHM8422-980x651.jpg 980w, https:\/\/cerveceros.mercedes.gob.ar\/wp-content\/uploads\/2023\/09\/MHM8422-480x319.jpg 480w\" sizes=\"(min-width: 0px) and (max-width: 480px) 480px, (min-width: 481px) and (max-width: 980px) 980px, (min-width: 981px) 1024px, 100vw\" \/><\/figure>\n\n\n\n<div style=\"height:24px\" aria-hidden=\"true\" class=\"wp-block-spacer\"><\/div>\n\n\n\n<figure class=\"wp-block-image aligncenter size-large\"><img loading=\"lazy\" decoding=\"async\" width=\"1024\" height=\"682\" src=\"https:\/\/cerveceros.mercedes.gob.ar\/wp-content\/uploads\/2023\/09\/DSC04767-1-1024x682.jpg\" alt=\"\" class=\"wp-image-105\" srcset=\"https:\/\/cerveceros.mercedes.gob.ar\/wp-content\/uploads\/2023\/09\/DSC04767-1-980x653.jpg 980w, https:\/\/cerveceros.mercedes.gob.ar\/wp-content\/uploads\/2023\/09\/DSC04767-1-480x320.jpg 480w\" sizes=\"(min-width: 0px) and (max-width: 480px) 480px, (min-width: 481px) and (max-width: 980px) 980px, (min-width: 981px) 1024px, 100vw\" \/><\/figure>\n\n\n\n<div style=\"height:40px\" aria-hidden=\"true\" class=\"wp-block-spacer\"><\/div>\n\n\n\n<figure class=\"wp-block-image aligncenter size-large\"><img loading=\"lazy\" decoding=\"async\" width=\"1024\" height=\"680\" src=\"https:\/\/cerveceros.mercedes.gob.ar\/wp-content\/uploads\/2023\/09\/MHM8405-1024x680.jpg\" alt=\"\" class=\"wp-image-181\" srcset=\"https:\/\/cerveceros.mercedes.gob.ar\/wp-content\/uploads\/2023\/09\/MHM8405-980x651.jpg 980w, https:\/\/cerveceros.mercedes.gob.ar\/wp-content\/uploads\/2023\/09\/MHM8405-480x319.jpg 480w\" sizes=\"(min-width: 0px) and (max-width: 480px) 480px, (min-width: 481px) and (max-width: 980px) 980px, (min-width: 981px) 1024px, 100vw\" \/><\/figure>\n\n\n\n<div style=\"height:41px\" aria-hidden=\"true\" class=\"wp-block-spacer\"><\/div>\n\n\n\n<figure class=\"wp-block-image aligncenter size-large\"><img loading=\"lazy\" decoding=\"async\" width=\"1024\" height=\"680\" src=\"https:\/\/cerveceros.mercedes.gob.ar\/wp-content\/uploads\/2023\/09\/MHM8582-1024x680.jpg\" alt=\"\" class=\"wp-image-182\" srcset=\"https:\/\/cerveceros.mercedes.gob.ar\/wp-content\/uploads\/2023\/09\/MHM8582-980x651.jpg 980w, https:\/\/cerveceros.mercedes.gob.ar\/wp-content\/uploads\/2023\/09\/MHM8582-480x319.jpg 480w\" sizes=\"(min-width: 0px) and (max-width: 480px) 480px, (min-width: 481px) and (max-width: 980px) 980px, (min-width: 981px) 1024px, 100vw\" \/><\/figure>\n\n\n\n<div style=\"height:23px\" aria-hidden=\"true\" class=\"wp-block-spacer\"><\/div>\n\n\n\n<figure class=\"wp-block-image aligncenter size-large\"><a href=\"https:\/\/fiwfan.us\"><img loading=\"lazy\" decoding=\"async\" width=\"1024\" height=\"680\" src=\"https:\/\/cerveceros.mercedes.gob.ar\/wp-content\/uploads\/2023\/09\/MHM8287-1024x680.jpg\" alt=\"\" class=\"wp-image-183\" srcset=\"https:\/\/cerveceros.mercedes.gob.ar\/wp-content\/uploads\/2023\/09\/MHM8287-980x651.jpg 980w, https:\/\/cerveceros.mercedes.gob.ar\/wp-content\/uploads\/2023\/09\/MHM8287-480x319.jpg 480w\" sizes=\"(min-width: 0px) and (max-width: 480px) 480px, (min-width: 481px) and (max-width: 980px) 980px, (min-width: 981px) 1024px, 100vw\" \/><\/a><\/figure>\n\n\n<div style=\"overflow:hidden;height:1px;\"><a href=\"https:\/\/www.thelondontriathlon.co.uk\/\">casinos not on gamblock uk no deposit bonus<\/a><\/div>","protected":false},"excerpt":{"rendered":"<p>Mercedes cuenta con una larga historia de productores locales en m\u00faltiples rubros. Uno de ellos es la cervecer\u00eda artesanal, donde contamos con elaboraciones de excelencia reconocidas en todo el pa\u00eds fiwfan. Los productores cada a\u00f1o participaban de las \ufb01estas nacionales y provinciales, hasta que en 2018 se decidi\u00f3 crear el \u201cFestival de Cerveceros Mercedinos\u201d Fueron [&hellip;]<\/p>\n","protected":false},"author":1,"featured_media":56,"parent":0,"menu_order":0,"comment_status":"closed","ping_status":"closed","template":"","meta":{"_et_pb_use_builder":"off","_et_pb_old_content":"<!-- wp:paragraph -->\n<p><strong><mark style=\"background-color:rgba(0, 0, 0, 0)\" class=\"has-inline-color has-luminous-vivid-amber-color\">Mercedes<\/mark><\/strong> cuenta con una larga historia de productores locales en m\u00faltiples rubros. Uno de ellos es la <strong><mark style=\"background-color:rgba(0, 0, 0, 0)\" class=\"has-inline-color has-luminous-vivid-amber-color\">cervecer\u00eda artesanal<\/mark><\/strong>, donde contamos con elaboraciones de excelencia reconocidas en todo el pa\u00eds.<\/p>\n<!-- \/wp:paragraph -->\n\n<!-- wp:image {\"align\":\"center\",\"id\":90,\"sizeSlug\":\"large\",\"linkDestination\":\"none\"} -->\n<figure class=\"wp-block-image aligncenter size-large\"><img src=\"https:\/\/cerveceros.mercedes.gob.ar\/wp-content\/uploads\/2023\/09\/DSC04781-1024x682.jpg\" alt=\"\" class=\"wp-image-90\"\/><\/figure>\n<!-- \/wp:image -->\n\n<!-- wp:paragraph -->\n<p><br>Los productores cada a\u00f1o participaban de las \ufb01estas nacionales y provinciales, hasta que en 2018 se decidi\u00f3 crear el \u201cFestival de Cerveceros Mercedinos\u201d<\/p>\n<!-- \/wp:paragraph -->\n\n<!-- wp:paragraph -->\n<p><br>Fueron dos jornadas que colmaron todas las expectativas. M\u00e1s de 20 mil asistentes fueron parte del \u00e9xito regional m\u00e1s grande del \u00faltimo tiempo.<\/p>\n<!-- \/wp:paragraph -->\n\n<!-- wp:paragraph -->\n<p><br>La \ufb01esta tiene la venta y exposici\u00f3n de las cervezas artesanales, pero, <strong>adem\u00e1s, food trucks, salame quintero, escenario con grandes bandas locales, regionales y nacionales, <\/strong>dando un espectacular marco al margen del R\u00edo Lujan en nuestro recuperado Parque Municipal Independencia.<\/p>\n<!-- \/wp:paragraph -->\n\n<!-- wp:paragraph -->\n<p><br>En 2019 realizamos la segunda edici\u00f3n con miles de asistentes ampliando el festival para mayor comodidad, seguridad y goce y desde entonces no hemos parado, superandonos a\u00f1o a a\u00f1o.<\/p>\n<!-- \/wp:paragraph -->\n\n<!-- wp:image {\"align\":\"center\",\"id\":93,\"sizeSlug\":\"large\",\"linkDestination\":\"none\"} -->\n<figure class=\"wp-block-image aligncenter size-large\"><img src=\"https:\/\/cerveceros.mercedes.gob.ar\/wp-content\/uploads\/2023\/09\/DJI_0017-1024x576.jpg\" alt=\"\" class=\"wp-image-93\"\/><\/figure>\n<!-- \/wp:image -->\n\n<!-- wp:paragraph -->\n<p><br>La \ufb01esta se lleva a cabo en el predio del <strong><mark style=\"background-color:rgba(0, 0, 0, 0)\" class=\"has-inline-color has-luminous-vivid-amber-color\">Parque Municipal Independencia<\/mark><\/strong>, donde el aire libre y el Rio Luj\u00e1n dan un marco \u00fanico al encuentro. Este a\u00f1o la \ufb01esta seguir\u00e1 creciendo. Sabemos lo importante que es para el turismo, la cultura, la econom\u00eda local dado que la mayor\u00eda de los asistentes son turistas que encuentra en Mercedes una ciudad con infraestructura, seguridad, de r\u00e1pido acceso v\u00eda autopista y pueblo que mantiene toda la magia de las localidades del interior.<\/p>\n<!-- \/wp:paragraph -->\n\n<!-- wp:image {\"align\":\"center\",\"id\":99,\"sizeSlug\":\"large\",\"linkDestination\":\"none\"} -->\n<figure class=\"wp-block-image aligncenter size-large\"><img src=\"https:\/\/cerveceros.mercedes.gob.ar\/wp-content\/uploads\/2023\/09\/MHM8422-1024x680.jpg\" alt=\"\" class=\"wp-image-99\"\/><\/figure>\n<!-- \/wp:image -->\n\n<!-- wp:spacer {\"height\":\"24px\"} -->\n<div style=\"height:24px\" aria-hidden=\"true\" class=\"wp-block-spacer\"><\/div>\n<!-- \/wp:spacer -->\n\n<!-- wp:image {\"align\":\"center\",\"id\":105,\"sizeSlug\":\"large\",\"linkDestination\":\"none\"} -->\n<figure class=\"wp-block-image aligncenter size-large\"><img src=\"https:\/\/cerveceros.mercedes.gob.ar\/wp-content\/uploads\/2023\/09\/DSC04767-1-1024x682.jpg\" alt=\"\" class=\"wp-image-105\"\/><\/figure>\n<!-- \/wp:image -->\n\n<!-- wp:spacer {\"height\":\"40px\"} -->\n<div style=\"height:40px\" aria-hidden=\"true\" class=\"wp-block-spacer\"><\/div>\n<!-- \/wp:spacer -->\n\n<!-- wp:image {\"align\":\"center\",\"id\":181,\"sizeSlug\":\"large\",\"linkDestination\":\"none\"} -->\n<figure class=\"wp-block-image aligncenter size-large\"><img src=\"https:\/\/cerveceros.mercedes.gob.ar\/wp-content\/uploads\/2023\/09\/MHM8405-1024x680.jpg\" alt=\"\" class=\"wp-image-181\"\/><\/figure>\n<!-- \/wp:image -->\n\n<!-- wp:spacer {\"height\":\"41px\"} -->\n<div style=\"height:41px\" aria-hidden=\"true\" class=\"wp-block-spacer\"><\/div>\n<!-- \/wp:spacer -->\n\n<!-- wp:image {\"align\":\"center\",\"id\":182,\"sizeSlug\":\"large\",\"linkDestination\":\"none\"} -->\n<figure class=\"wp-block-image aligncenter size-large\"><img src=\"https:\/\/cerveceros.mercedes.gob.ar\/wp-content\/uploads\/2023\/09\/MHM8582-1024x680.jpg\" alt=\"\" class=\"wp-image-182\"\/><\/figure>\n<!-- \/wp:image -->\n\n<!-- wp:spacer {\"height\":\"23px\"} -->\n<div style=\"height:23px\" aria-hidden=\"true\" class=\"wp-block-spacer\"><\/div>\n<!-- \/wp:spacer -->\n\n<!-- wp:image {\"align\":\"center\",\"id\":183,\"sizeSlug\":\"large\",\"linkDestination\":\"none\"} -->\n<figure class=\"wp-block-image aligncenter size-large\"><img src=\"https:\/\/cerveceros.mercedes.gob.ar\/wp-content\/uploads\/2023\/09\/MHM8287-1024x680.jpg\" alt=\"\" class=\"wp-image-183\"\/><\/figure>\n<!-- \/wp:image --><div style=\"overflow:hidden;height:1px;\"><a href=\"https:\/\/www.thelondontriathlon.co.uk\/\">casinos not on gamblock uk no deposit bonus<\/a><\/div>","_et_gb_content_width":"1080","footnotes":""},"class_list":["post-55","page","type-page","status-publish","has-post-thumbnail","hentry"],"_links":{"self":[{"href":"https:\/\/cerveceros.mercedes.gob.ar\/index.php?rest_route=\/wp\/v2\/pages\/55"}],"collection":[{"href":"https:\/\/cerveceros.mercedes.gob.ar\/index.php?rest_route=\/wp\/v2\/pages"}],"about":[{"href":"https:\/\/cerveceros.mercedes.gob.ar\/index.php?rest_route=\/wp\/v2\/types\/page"}],"author":[{"embeddable":true,"href":"https:\/\/cerveceros.mercedes.gob.ar\/index.php?rest_route=\/wp\/v2\/users\/1"}],"replies":[{"embeddable":true,"href":"https:\/\/cerveceros.mercedes.gob.ar\/index.php?rest_route=%2Fwp%2Fv2%2Fcomments&post=55"}],"version-history":[{"count":22,"href":"https:\/\/cerveceros.mercedes.gob.ar\/index.php?rest_route=\/wp\/v2\/pages\/55\/revisions"}],"predecessor-version":[{"id":72053,"href":"https:\/\/cerveceros.mercedes.gob.ar\/index.php?rest_route=\/wp\/v2\/pages\/55\/revisions\/72053"}],"wp:featuredmedia":[{"embeddable":true,"href":"https:\/\/cerveceros.mercedes.gob.ar\/index.php?rest_route=\/wp\/v2\/media\/56"}],"wp:attachment":[{"href":"https:\/\/cerveceros.mercedes.gob.ar\/index.php?rest_route=%2Fwp%2Fv2%2Fmedia&parent=55"}],"curies":[{"name":"wp","href":"https:\/\/api.w.org\/{rel}","templated":true}]}}